{"id":2343,"date":"2015-02-20T18:44:30","date_gmt":"2015-02-20T18:44:30","guid":{"rendered":"http:\/\/www.yourguideintransylvania.com\/ro\/sibiu-medieval-town\/"},"modified":"2020-05-14T11:38:05","modified_gmt":"2020-05-14T08:38:05","slug":"sibiu","status":"publish","type":"page","link":"https:\/\/www.yourguideintransylvania.com\/ro\/sibiu\/","title":{"rendered":"Sibiu"},"content":{"rendered":"<p>[et_pb_section fb_built=&#8221;1&#8243; admin_label=&#8221;section&#8221; _builder_version=&#8221;3.22&#8243; background_color=&#8221;#d4ccb4&#8243; transparent_background=&#8221;off&#8221;][et_pb_row column_structure=&#8221;1_2,1_2&#8243; admin_label=&#8221;row&#8221; _builder_version=&#8221;3.25&#8243; background_size=&#8221;initial&#8221; background_position=&#8221;top_left&#8221; background_repeat=&#8221;repeat&#8221;][et_pb_column type=&#8221;1_2&#8243; _builder_version=&#8221;3.25&#8243; custom_padding=&#8221;|||&#8221; custom_padding__hover=&#8221;|||&#8221;][et_pb_gallery gallery_ids=&#8221;2307,226,230,229,223,227&#8243; posts_number=&#8221;8&#8243; show_title_and_caption=&#8221;off&#8221; admin_label=&#8221;Gallery&#8221; _builder_version=&#8221;3.0.87&#8243; use_border_color=&#8221;off&#8221; border_color=&#8221;#ffffff&#8221; border_style=&#8221;solid&#8221;][\/et_pb_gallery][et_pb_cta title=&#8221;The best way to discover Sibiu&#8221; button_url=&#8221;http:\/\/yourguideintransylvania.com\/sibiu-city-tour\/&#8221; button_text=&#8221;Book a One Day Trip to Sibiu&#8221; admin_label=&#8221;Call To Action&#8221; _builder_version=&#8221;4.4.4&#8243; background_color=&#8221;#8493a5&#8243; background_size=&#8221;initial&#8221; background_position=&#8221;top_left&#8221; background_repeat=&#8221;repeat&#8221; button_text_size__hover_enabled=&#8221;off&#8221; button_one_text_size__hover_enabled=&#8221;off&#8221; button_two_text_size__hover_enabled=&#8221;off&#8221; button_text_color__hover_enabled=&#8221;off&#8221; button_one_text_color__hover_enabled=&#8221;off&#8221; button_two_text_color__hover_enabled=&#8221;off&#8221; button_border_width__hover_enabled=&#8221;off&#8221; button_one_border_width__hover_enabled=&#8221;off&#8221; button_two_border_width__hover_enabled=&#8221;off&#8221; button_border_color__hover_enabled=&#8221;off&#8221; button_one_border_color__hover_enabled=&#8221;off&#8221; button_two_border_color__hover_enabled=&#8221;off&#8221; button_border_radius__hover_enabled=&#8221;off&#8221; button_one_border_radius__hover_enabled=&#8221;off&#8221; button_two_border_radius__hover_enabled=&#8221;off&#8221; button_letter_spacing__hover_enabled=&#8221;off&#8221; button_one_letter_spacing__hover_enabled=&#8221;off&#8221; button_two_letter_spacing__hover_enabled=&#8221;off&#8221; button_bg_color__hover_enabled=&#8221;off&#8221; button_one_bg_color__hover_enabled=&#8221;off&#8221; button_two_bg_color__hover_enabled=&#8221;off&#8221;]<\/p>\n<p>\nis to<\/p>\n<p>[\/et_pb_cta][\/et_pb_column][et_pb_column type=&#8221;1_2&#8243; _builder_version=&#8221;3.25&#8243; custom_padding=&#8221;|||&#8221; custom_padding__hover=&#8221;|||&#8221;][et_pb_text admin_label=&#8221;Text&#8221; _builder_version=&#8221;3.27.4&#8243; background_size=&#8221;initial&#8221; background_position=&#8221;top_left&#8221; background_repeat=&#8221;repeat&#8221; use_border_color=&#8221;off&#8221; border_color=&#8221;#ffffff&#8221; border_style=&#8221;solid&#8221;]<\/p>\n<p>\n<strong><span class='et-dropcap' style=\"font-size: 60px; color: #a80000;\">S\u00a0<\/span>ibiu\/Hermannstadt\/ Nagyszeben<\/strong>,\u00a0orasul capitala a Transilvaniei, a fost fondat \u00een secolul al 12-lea iar astazi este considerat unul dintre cel mai frumoase orase istorice, nu numai din Rom\u00e2nia, ci din \u00eentreaga Europa.<\/p>\n<p>De-a lungul ultimelor nou\u0103 secole Sibiul a fost nu numai cel mai mare \u0219i cel mai bogat dintre cele \u0219apte ora\u0219e fortificate intemeiate de sasi in Transilvania, dar \u0219i cel mai important centru comercial cu 19 bresle \u0219i totodata capitala cultural\u0103 a Transilvaniei.<\/p>\n<p>Pe cuprinsul nu doar al Transilvaniei, ci al \u00eentregii Romanii, primul spital (1292), prima farmacie (1494), prima \u0219coal\u0103 \u0219i bibliotec\u0103 au fost toate fondate la Sibiu. Atrac\u021bia principal\u0103 a ora\u0219ului o reprezinta astazi centrul istoric, cu cele trei piete concentrice care sunt o martudie peste secole a etapelor de dezvoltare a orasului in perioada Evului Mediu. Pia\u021ba mare datand inca din 1366, Pia\u021ba Mica cunoscut\u0103 \u015fi sub numele de \u201cRingul cel mic\u201d, \u00a0Pia\u021ba Huet dominat\u0103 de Catedrala Evanghelic\u0103 construit\u0103 \u00eentre 1320 \u0219i 1520 \u0219i podul Minciunilor, cel mai vechi pod din font\u0103 de Rom\u00e2nia, construit \u00een 1859 dau un farmec inegalabil orasului de la poalele muntilor Fagaras .<\/p>\n<p>Pe l\u00e2ng\u0103 atrac\u021biile sale istorice Sibiul este, de asemenea gazda a doua muzee unice \u0219i foarte importante din sud-estul Europei. Muzeul Etnografic Astra, care este al doilea cel mai mare muzeu \u00een aer liber din lume \u0219i totodata cel mai mare din Europa (250 acri), situat \u00eentr-un decor natural magnific, avand in mijloc un lac frumos si fiind inconjurat de padurea Dumbrava.<\/p>\n<p>Muzeul Brukenthal, care este primul\u00a0<em><strong>muzeu<\/strong><\/em>\u00a0deschis in Europa Centrala si de Est \u0219i unul dintre cele mai frumoase muzee din Rom\u00e2nia, fondat de baronul Samuel von Brukenthal, guvernator al Transilvaniei in perioada Habsburgica care a oferit spre vizitare publicului larg colec\u021biile proprii constand in 1090 de picturi, incepand cu anul 1790, ceea ce face acest muzeu s\u0103 fie de trei ani mai vechi dec\u00e2t Muzeul Louvre din Paris.<\/p>\n<p>\u00cen cazul \u00een care detaliile de mai sus nu v-au convins sa vizitati acest oras ar trebui s\u0103 mai \u0219titi c\u0103, \u00een anul 2007 Sibiul a fost desemnat Capitala Culturala European\u0103, iar \u00een 2014 ora\u0219ul vechi din Sibiu a fost declarat ca &#8222;al optulea cel mai idilic oras din lume&#8221; de prestigioasa revista Forbes.<\/p>\n<p>Desigur, cel mai bun mod de a descoperi Sibiu este sa rezervi o <a href=\"http:\/\/www.yourguideintransylvania.com\/sibiu-city-tour\/\">excursie de o zi la Sibiu.<\/a><\/p>\n<p>[\/et_pb_text][\/et_pb_column][\/et_pb_row][\/et_pb_section]<\/p>\n","protected":false},"excerpt":{"rendered":"<p>is to <span class='et-dropcap' style=\"font-size: 60px; color: #a80000;\">S\u00a0<\/span>ibiu\/Hermannstadt\/ Nagyszeben,\u00a0orasul capitala a Transilvaniei, a fost fondat \u00een secolul al 12-lea iar astazi este considerat unul dintre cel mai frumoase orase istorice, nu numai din Rom\u00e2nia, ci din \u00eentreaga Europa. De-a lungul ultimelor nou\u0103 secole Sibiul a fost nu numai cel mai mare \u0219i cel mai bogat [&hellip;]<\/p>\n","protected":false},"author":3,"featured_media":7057,"parent":0,"menu_order":0,"comment_status":"open","ping_status":"open","template":"","meta":{"_et_pb_use_builder":"on","_et_pb_old_content":"","_et_gb_content_width":"","footnotes":""},"class_list":["post-2343","page","type-page","status-publish","has-post-thumbnail","hentry"],"yoast_head":"<!-- This site is optimized with the Yoast SEO plugin v27.5 - https:\/\/yoast.com\/product\/yoast-seo-wordpress\/ -->\n<title>Sibiu<\/title>\n<meta name=\"description\" content=\"Sibiu, capitala Transilvaniei are astazi cel mai mare muzeu in aer liber si un muzeu de arta mai vechi decat Louvre, recent a fost declarat al 8-lea cel mai idilic oras din lume de revista Forbes.\" \/>\n<meta name=\"robots\" content=\"index, follow, max-snippet:-1, max-image-preview:large, max-video-preview:-1\" \/>\n<link rel=\"canonical\" href=\"https:\/\/www.yourguideintransylvania.com\/ro\/sibiu\/\" \/>\n<meta property=\"og:locale\" content=\"ro_RO\" \/>\n<meta property=\"og:type\" content=\"article\" \/>\n<meta property=\"og:title\" content=\"Sibiu\" \/>\n<meta property=\"og:description\" content=\"Sibiu, capitala Transilvaniei are astazi cel mai mare muzeu in aer liber si un muzeu de arta mai vechi decat Louvre, recent a fost declarat al 8-lea cel mai idilic oras din lume de revista Forbes.\" \/>\n<meta property=\"og:url\" content=\"https:\/\/www.yourguideintransylvania.com\/ro\/sibiu\/\" \/>\n<meta property=\"og:site_name\" content=\"Your Guide in Transylvania\" \/>\n<meta property=\"article:publisher\" content=\"https:\/\/www.facebook.com\/yourguideintransylvania\" \/>\n<meta property=\"article:modified_time\" content=\"2020-05-14T08:38:05+00:00\" \/>\n<meta property=\"og:image\" content=\"https:\/\/www.yourguideintransylvania.com\/wp-content\/uploads\/2020\/04\/Tranylvania-Tours-Guide.jpg\" \/>\n\t<meta property=\"og:image:width\" content=\"1200\" \/>\n\t<meta property=\"og:image:height\" content=\"900\" \/>\n\t<meta property=\"og:image:type\" content=\"image\/jpeg\" \/>\n<meta name=\"twitter:label1\" content=\"Timp estimat pentru citire\" \/>\n\t<meta name=\"twitter:data1\" content=\"4 minute\" \/>\n<script type=\"application\/ld+json\" class=\"yoast-schema-graph\">{\"@context\":\"https:\\\/\\\/schema.org\",\"@graph\":[{\"@type\":\"WebPage\",\"@id\":\"https:\\\/\\\/www.yourguideintransylvania.com\\\/ro\\\/sibiu\\\/\",\"url\":\"https:\\\/\\\/www.yourguideintransylvania.com\\\/ro\\\/sibiu\\\/\",\"name\":\"Sibiu\",\"isPartOf\":{\"@id\":\"https:\\\/\\\/www.yourguideintransylvania.com\\\/#website\"},\"primaryImageOfPage\":{\"@id\":\"https:\\\/\\\/www.yourguideintransylvania.com\\\/ro\\\/sibiu\\\/#primaryimage\"},\"image\":{\"@id\":\"https:\\\/\\\/www.yourguideintransylvania.com\\\/ro\\\/sibiu\\\/#primaryimage\"},\"thumbnailUrl\":\"https:\\\/\\\/www.yourguideintransylvania.com\\\/wp-content\\\/uploads\\\/2014\\\/10\\\/sibiu1.jpg\",\"datePublished\":\"2015-02-20T18:44:30+00:00\",\"dateModified\":\"2020-05-14T08:38:05+00:00\",\"description\":\"Sibiu, capitala Transilvaniei are astazi cel mai mare muzeu in aer liber si un muzeu de arta mai vechi decat Louvre, recent a fost declarat al 8-lea cel mai idilic oras din lume de revista Forbes.\",\"breadcrumb\":{\"@id\":\"https:\\\/\\\/www.yourguideintransylvania.com\\\/ro\\\/sibiu\\\/#breadcrumb\"},\"inLanguage\":\"ro-RO\",\"potentialAction\":[{\"@type\":\"ReadAction\",\"target\":[\"https:\\\/\\\/www.yourguideintransylvania.com\\\/ro\\\/sibiu\\\/\"]}]},{\"@type\":\"ImageObject\",\"inLanguage\":\"ro-RO\",\"@id\":\"https:\\\/\\\/www.yourguideintransylvania.com\\\/ro\\\/sibiu\\\/#primaryimage\",\"url\":\"https:\\\/\\\/www.yourguideintransylvania.com\\\/wp-content\\\/uploads\\\/2014\\\/10\\\/sibiu1.jpg\",\"contentUrl\":\"https:\\\/\\\/www.yourguideintransylvania.com\\\/wp-content\\\/uploads\\\/2014\\\/10\\\/sibiu1.jpg\",\"width\":950,\"height\":410,\"caption\":\"The capital of Transylvania\"},{\"@type\":\"BreadcrumbList\",\"@id\":\"https:\\\/\\\/www.yourguideintransylvania.com\\\/ro\\\/sibiu\\\/#breadcrumb\",\"itemListElement\":[{\"@type\":\"ListItem\",\"position\":1,\"name\":\"Home\",\"item\":\"https:\\\/\\\/www.yourguideintransylvania.com\\\/ro\\\/\"},{\"@type\":\"ListItem\",\"position\":2,\"name\":\"Sibiu\"}]},{\"@type\":\"WebSite\",\"@id\":\"https:\\\/\\\/www.yourguideintransylvania.com\\\/#website\",\"url\":\"https:\\\/\\\/www.yourguideintransylvania.com\\\/\",\"name\":\"Your Guide in Transylvania\",\"description\":\"Transylvania Tour Guide | Transylvania Tours\",\"publisher\":{\"@id\":\"https:\\\/\\\/www.yourguideintransylvania.com\\\/#organization\"},\"potentialAction\":[{\"@type\":\"SearchAction\",\"target\":{\"@type\":\"EntryPoint\",\"urlTemplate\":\"https:\\\/\\\/www.yourguideintransylvania.com\\\/?s={search_term_string}\"},\"query-input\":{\"@type\":\"PropertyValueSpecification\",\"valueRequired\":true,\"valueName\":\"search_term_string\"}}],\"inLanguage\":\"ro-RO\"},{\"@type\":\"Organization\",\"@id\":\"https:\\\/\\\/www.yourguideintransylvania.com\\\/#organization\",\"name\":\"Your Guide in Transylvania\",\"url\":\"https:\\\/\\\/www.yourguideintransylvania.com\\\/\",\"logo\":{\"@type\":\"ImageObject\",\"inLanguage\":\"ro-RO\",\"@id\":\"https:\\\/\\\/www.yourguideintransylvania.com\\\/#\\\/schema\\\/logo\\\/image\\\/\",\"url\":\"https:\\\/\\\/www.yourguideintransylvania.com\\\/wp-content\\\/uploads\\\/2020\\\/01\\\/cropped-Your-Guide-in-Transylvania-Logo-png-1.png\",\"contentUrl\":\"https:\\\/\\\/www.yourguideintransylvania.com\\\/wp-content\\\/uploads\\\/2020\\\/01\\\/cropped-Your-Guide-in-Transylvania-Logo-png-1.png\",\"width\":512,\"height\":512,\"caption\":\"Your Guide in Transylvania\"},\"image\":{\"@id\":\"https:\\\/\\\/www.yourguideintransylvania.com\\\/#\\\/schema\\\/logo\\\/image\\\/\"},\"sameAs\":[\"https:\\\/\\\/www.facebook.com\\\/yourguideintransylvania\",\"https:\\\/\\\/x.com\\\/YGTransylvania\",\"https:\\\/\\\/www.instagram.com\\\/yourguideintransylvania\\\/\",\"https:\\\/\\\/www.linkedin.com\\\/company-beta\\\/4833467\\\/\",\"https:\\\/\\\/www.youtube.com\\\/channel\\\/UCTKRXdiLMMLx4QG94RxuHNQ\"]}]}<\/script>\n<!-- \/ Yoast SEO plugin. -->","yoast_head_json":{"title":"Sibiu","description":"Sibiu, capitala Transilvaniei are astazi cel mai mare muzeu in aer liber si un muzeu de arta mai vechi decat Louvre, recent a fost declarat al 8-lea cel mai idilic oras din lume de revista Forbes.","robots":{"index":"index","follow":"follow","max-snippet":"max-snippet:-1","max-image-preview":"max-image-preview:large","max-video-preview":"max-video-preview:-1"},"canonical":"https:\/\/www.yourguideintransylvania.com\/ro\/sibiu\/","og_locale":"ro_RO","og_type":"article","og_title":"Sibiu","og_description":"Sibiu, capitala Transilvaniei are astazi cel mai mare muzeu in aer liber si un muzeu de arta mai vechi decat Louvre, recent a fost declarat al 8-lea cel mai idilic oras din lume de revista Forbes.","og_url":"https:\/\/www.yourguideintransylvania.com\/ro\/sibiu\/","og_site_name":"Your Guide in Transylvania","article_publisher":"https:\/\/www.facebook.com\/yourguideintransylvania","article_modified_time":"2020-05-14T08:38:05+00:00","og_image":[{"width":1200,"height":900,"url":"https:\/\/www.yourguideintransylvania.com\/wp-content\/uploads\/2020\/04\/Tranylvania-Tours-Guide.jpg","type":"image\/jpeg"}],"twitter_misc":{"Timp estimat pentru citire":"4 minute"},"schema":{"@context":"https:\/\/schema.org","@graph":[{"@type":"WebPage","@id":"https:\/\/www.yourguideintransylvania.com\/ro\/sibiu\/","url":"https:\/\/www.yourguideintransylvania.com\/ro\/sibiu\/","name":"Sibiu","isPartOf":{"@id":"https:\/\/www.yourguideintransylvania.com\/#website"},"primaryImageOfPage":{"@id":"https:\/\/www.yourguideintransylvania.com\/ro\/sibiu\/#primaryimage"},"image":{"@id":"https:\/\/www.yourguideintransylvania.com\/ro\/sibiu\/#primaryimage"},"thumbnailUrl":"https:\/\/www.yourguideintransylvania.com\/wp-content\/uploads\/2014\/10\/sibiu1.jpg","datePublished":"2015-02-20T18:44:30+00:00","dateModified":"2020-05-14T08:38:05+00:00","description":"Sibiu, capitala Transilvaniei are astazi cel mai mare muzeu in aer liber si un muzeu de arta mai vechi decat Louvre, recent a fost declarat al 8-lea cel mai idilic oras din lume de revista Forbes.","breadcrumb":{"@id":"https:\/\/www.yourguideintransylvania.com\/ro\/sibiu\/#breadcrumb"},"inLanguage":"ro-RO","potentialAction":[{"@type":"ReadAction","target":["https:\/\/www.yourguideintransylvania.com\/ro\/sibiu\/"]}]},{"@type":"ImageObject","inLanguage":"ro-RO","@id":"https:\/\/www.yourguideintransylvania.com\/ro\/sibiu\/#primaryimage","url":"https:\/\/www.yourguideintransylvania.com\/wp-content\/uploads\/2014\/10\/sibiu1.jpg","contentUrl":"https:\/\/www.yourguideintransylvania.com\/wp-content\/uploads\/2014\/10\/sibiu1.jpg","width":950,"height":410,"caption":"The capital of Transylvania"},{"@type":"BreadcrumbList","@id":"https:\/\/www.yourguideintransylvania.com\/ro\/sibiu\/#breadcrumb","itemListElement":[{"@type":"ListItem","position":1,"name":"Home","item":"https:\/\/www.yourguideintransylvania.com\/ro\/"},{"@type":"ListItem","position":2,"name":"Sibiu"}]},{"@type":"WebSite","@id":"https:\/\/www.yourguideintransylvania.com\/#website","url":"https:\/\/www.yourguideintransylvania.com\/","name":"Your Guide in Transylvania","description":"Transylvania Tour Guide | Transylvania Tours","publisher":{"@id":"https:\/\/www.yourguideintransylvania.com\/#organization"},"potentialAction":[{"@type":"SearchAction","target":{"@type":"EntryPoint","urlTemplate":"https:\/\/www.yourguideintransylvania.com\/?s={search_term_string}"},"query-input":{"@type":"PropertyValueSpecification","valueRequired":true,"valueName":"search_term_string"}}],"inLanguage":"ro-RO"},{"@type":"Organization","@id":"https:\/\/www.yourguideintransylvania.com\/#organization","name":"Your Guide in Transylvania","url":"https:\/\/www.yourguideintransylvania.com\/","logo":{"@type":"ImageObject","inLanguage":"ro-RO","@id":"https:\/\/www.yourguideintransylvania.com\/#\/schema\/logo\/image\/","url":"https:\/\/www.yourguideintransylvania.com\/wp-content\/uploads\/2020\/01\/cropped-Your-Guide-in-Transylvania-Logo-png-1.png","contentUrl":"https:\/\/www.yourguideintransylvania.com\/wp-content\/uploads\/2020\/01\/cropped-Your-Guide-in-Transylvania-Logo-png-1.png","width":512,"height":512,"caption":"Your Guide in Transylvania"},"image":{"@id":"https:\/\/www.yourguideintransylvania.com\/#\/schema\/logo\/image\/"},"sameAs":["https:\/\/www.facebook.com\/yourguideintransylvania","https:\/\/x.com\/YGTransylvania","https:\/\/www.instagram.com\/yourguideintransylvania\/","https:\/\/www.linkedin.com\/company-beta\/4833467\/","https:\/\/www.youtube.com\/channel\/UCTKRXdiLMMLx4QG94RxuHNQ"]}]}},"_links":{"self":[{"href":"https:\/\/www.yourguideintransylvania.com\/ro\/wp-json\/wp\/v2\/pages\/2343","targetHints":{"allow":["GET"]}}],"collection":[{"href":"https:\/\/www.yourguideintransylvania.com\/ro\/wp-json\/wp\/v2\/pages"}],"about":[{"href":"https:\/\/www.yourguideintransylvania.com\/ro\/wp-json\/wp\/v2\/types\/page"}],"author":[{"embeddable":true,"href":"https:\/\/www.yourguideintransylvania.com\/ro\/wp-json\/wp\/v2\/users\/3"}],"replies":[{"embeddable":true,"href":"https:\/\/www.yourguideintransylvania.com\/ro\/wp-json\/wp\/v2\/comments?post=2343"}],"version-history":[{"count":12,"href":"https:\/\/www.yourguideintransylvania.com\/ro\/wp-json\/wp\/v2\/pages\/2343\/revisions"}],"predecessor-version":[{"id":5067,"href":"https:\/\/www.yourguideintransylvania.com\/ro\/wp-json\/wp\/v2\/pages\/2343\/revisions\/5067"}],"wp:featuredmedia":[{"embeddable":true,"href":"https:\/\/www.yourguideintransylvania.com\/ro\/wp-json\/wp\/v2\/media\/7057"}],"wp:attachment":[{"href":"https:\/\/www.yourguideintransylvania.com\/ro\/wp-json\/wp\/v2\/media?parent=2343"}],"curies":[{"name":"wp","href":"https:\/\/api.w.org\/{rel}","templated":true}]}}